{"id":582,"date":"2020-02-08T11:38:04","date_gmt":"2020-02-08T11:38:04","guid":{"rendered":"http:\/\/jardimdemaria.org.br\/?page_id=582"},"modified":"2020-02-08T15:01:47","modified_gmt":"2020-02-08T15:01:47","slug":"psicografias","status":"publish","type":"page","link":"https:\/\/jardimdemaria.org.br\/index.php\/psicografias\/","title":{"rendered":"Psicografias"},"content":{"rendered":"<div class=\"auto-format ui--animation\"><p><strong>Psicografias &#8211; Veja abaixo se h\u00e1 uma mensagem para voc\u00ea.<\/strong><\/p>\n<p>     Segue abaixo, rela\u00e7\u00e3o de algumas psicografias recebidas no Jardim de Maria, em ocasi\u00f5es em que as pessoas \u00e0 quem se destinavam n\u00e3o estavam presentes as reuni\u00f5es. Caso se identifique como destinat\u00e1rio de alguma mensagem atrav\u00e9s das referencias descritas, anote o numero sequencial \u00e0 ela atribu\u00eddo e fa\u00e7a sua retirada ao final das reuni\u00f5es p\u00fablicas que acontecem todas as Segundas-Feiras, \u00e0s 19:30 h. no Jardim de Maria. Se n\u00e3o houverem referencias \u00e0 voc\u00ea na rela\u00e7\u00e3o, e desejar ou necessitar receber uma mensagem psicografada de um ente querido desencarnado, compare\u00e7a \u00e0s reuni\u00f5es de Segundas-Feiras \u00e0s 19:30 h. no Jardim de Maria, e saiba mais sobre psicografias e como participar das reuni\u00f5es mensais que se destinam ao recebimento dessas mensagens. <\/p>\n<\/div><div class=\"auto-format ui--animation\"><p>\n<table id=\"tablepress-8\" class=\"tablepress tablepress-id-8\">\n<thead>\n<tr class=\"row-1 odd\">\n\t<th class=\"column-1\">N\u00daMERO<\/th><th class=\"column-2\">ESPIRITO COMUNICANTE<\/th><th class=\"column-3\">DESTINAT\u00c1RIO<\/th><th class=\"column-4\">DATA<\/th><th class=\"column-5\">REFER\u00caNCIA<\/th>\n<\/tr>\n<\/thead>\n<tbody class=\"row-hover\">\n<tr class=\"row-2 even\">\n\t<td class=\"column-1\">1<\/td><td class=\"column-2\">DIEGO CARLOS DA SILVA<\/td><td class=\"column-3\">JOSEFINA<\/td><td class=\"column-4\">02\/01\/2020<\/td><td class=\"column-5\">DE FILHO PARA M\u00c3E <\/td>\n<\/tr>\n<tr class=\"row-3 odd\">\n\t<td class=\"column-1\">2<\/td><td class=\"column-2\">JOANA VIEIRA<\/td><td class=\"column-3\">MADALENA<\/td><td class=\"column-4\">05\/12\/2019<\/td><td class=\"column-5\">DE M\u00c3E PARA FILHA<\/td>\n<\/tr>\n<tr class=\"row-4 even\">\n\t<td class=\"column-1\">3<\/td><td class=\"column-2\">PALOMA DUARTE<\/td><td class=\"column-3\"><\/td><td class=\"column-4\">05\/12\/2019<\/td><td class=\"column-5\">DE FILHA PARA PAI<\/td>\n<\/tr>\n<tr class=\"row-5 odd\">\n\t<td class=\"column-1\">4<\/td><td class=\"column-2\">SOFIA SILVA<\/td><td class=\"column-3\">PATRICIA<\/td><td class=\"column-4\">05\/12\/2019<\/td><td class=\"column-5\"><\/td>\n<\/tr>\n<tr class=\"row-6 even\">\n\t<td class=\"column-1\">5<\/td><td class=\"column-2\">FILIPHE JHOSEPH<\/td><td class=\"column-3\">DANIEL<\/td><td class=\"column-4\">05\/12\/2019<\/td><td class=\"column-5\"><\/td>\n<\/tr>\n<tr class=\"row-7 odd\">\n\t<td class=\"column-1\">6<\/td><td class=\"column-2\">SORAYA SERAFIN<\/td><td class=\"column-3\"><\/td><td class=\"column-4\">07\/11\/2019<\/td><td class=\"column-5\">AOS FAMILIARES<\/td>\n<\/tr>\n<tr class=\"row-8 even\">\n\t<td class=\"column-1\">7<\/td><td class=\"column-2\">RAFAELA<\/td><td class=\"column-3\"><\/td><td class=\"column-4\">07\/11\/2019<\/td><td class=\"column-5\">DESENCARNADO AOS 18 ANOS \/ IRM\u00c3 DE CLARINHA<\/td>\n<\/tr>\n<tr class=\"row-9 odd\">\n\t<td class=\"column-1\">8<\/td><td class=\"column-2\">XAVIER JUNIOR SILVA<\/td><td class=\"column-3\"><\/td><td class=\"column-4\">07\/11\/2019<\/td><td class=\"column-5\"><\/td>\n<\/tr>\n<tr class=\"row-10 even\">\n\t<td class=\"column-1\">9<\/td><td class=\"column-2\">JOANA PULA VIEIRA<\/td><td class=\"column-3\"><\/td><td class=\"column-4\">07\/11\/2019<\/td><td class=\"column-5\">DE FILHA PARA M\u00c3E<\/td>\n<\/tr>\n<tr class=\"row-11 odd\">\n\t<td class=\"column-1\">10<\/td><td class=\"column-2\">STEFANIE<\/td><td class=\"column-3\"><\/td><td class=\"column-4\">03\/10\/2019<\/td><td class=\"column-5\">DE FILHA PARA PAI<\/td>\n<\/tr>\n<tr class=\"row-12 even\">\n\t<td class=\"column-1\">11<\/td><td class=\"column-2\">DAIANE<\/td><td class=\"column-3\"><\/td><td class=\"column-4\">03\/10\/2019<\/td><td class=\"column-5\">DE FILHA PARA M\u00c3E<\/td>\n<\/tr>\n<tr class=\"row-13 odd\">\n\t<td class=\"column-1\">12<\/td><td class=\"column-2\">MANOEL <\/td><td class=\"column-3\">MARTA<\/td><td class=\"column-4\">03\/10\/2019<\/td><td class=\"column-5\"><\/td>\n<\/tr>\n<tr class=\"row-14 even\">\n\t<td class=\"column-1\">13<\/td><td class=\"column-2\">ELIAS MARTINS<\/td><td class=\"column-3\"><\/td><td class=\"column-4\">03\/10\/2019<\/td><td class=\"column-5\">AOS FAMILIARES<\/td>\n<\/tr>\n<tr class=\"row-15 odd\">\n\t<td class=\"column-1\">14<\/td><td class=\"column-2\">MARIA EDUARDA<\/td><td class=\"column-3\"><\/td><td class=\"column-4\">05\/09\/2019<\/td><td class=\"column-5\">DE FILHA PARA M\u00c3E \/ VOV\u00d3 SONIA<\/td>\n<\/tr>\n<tr class=\"row-16 even\">\n\t<td class=\"column-1\">15<\/td><td class=\"column-2\">LUCAS GABRIEL<\/td><td class=\"column-3\"><\/td><td class=\"column-4\">05\/09\/2019<\/td><td class=\"column-5\">DE FILHO PARA M\u00c3E <\/td>\n<\/tr>\n<tr class=\"row-17 odd\">\n\t<td class=\"column-1\">16<\/td><td class=\"column-2\">LEO <\/td><td class=\"column-3\">APARECIDA<\/td><td class=\"column-4\">05\/09\/2019<\/td><td class=\"column-5\">DE AMIGO PARA AMIGA<\/td>\n<\/tr>\n<tr class=\"row-18 even\">\n\t<td class=\"column-1\">17<\/td><td class=\"column-2\">JOANA DARC SILVA<\/td><td class=\"column-3\"><\/td><td class=\"column-4\">05\/09\/2019<\/td><td class=\"column-5\">FILHA PARA M\u00c3E \/ V\u00d3 NEN\u00c1<\/td>\n<\/tr>\n<tr class=\"row-19 odd\">\n\t<td class=\"column-1\">18<\/td><td class=\"column-2\">ELIZABETE LACERDA<\/td><td class=\"column-3\"><\/td><td class=\"column-4\">01\/08\/2019<\/td><td class=\"column-5\">NASCIDA EM 1952<\/td>\n<\/tr>\n<tr class=\"row-20 even\">\n\t<td class=\"column-1\">19<\/td><td class=\"column-2\">JOS\u00c9 HAMILTON<\/td><td class=\"column-3\">PATRICIA<\/td><td class=\"column-4\">04\/08\/2019<\/td><td class=\"column-5\">DE PAI PARA FILHA<\/td>\n<\/tr>\n<tr class=\"row-21 odd\">\n\t<td class=\"column-1\">20<\/td><td class=\"column-2\">ROBERTO DUARTE<\/td><td class=\"column-3\"><\/td><td class=\"column-4\">04\/07\/2019<\/td><td class=\"column-5\">CAMINHONEIRO<\/td>\n<\/tr>\n<tr class=\"row-22 even\">\n\t<td class=\"column-1\">21<\/td><td class=\"column-2\">MARIA RICA PADILHA<\/td><td class=\"column-3\">PAULA<\/td><td class=\"column-4\">04\/07\/2019<\/td><td class=\"column-5\">M\u00c3E PARA FILHA<\/td>\n<\/tr>\n<tr class=\"row-23 odd\">\n\t<td class=\"column-1\">22<\/td><td class=\"column-2\">VICTOR<\/td><td class=\"column-3\">MAUELA<\/td><td class=\"column-4\">04\/07\/2019<\/td><td class=\"column-5\"><\/td>\n<\/tr>\n<tr class=\"row-24 even\">\n\t<td class=\"column-1\">23<\/td><td class=\"column-2\">JOS\u00c9 HAMILTON<\/td><td class=\"column-3\"><\/td><td class=\"column-4\">06\/06\/2019<\/td><td class=\"column-5\">MENCIONOU 'MINHA ODETE'<\/td>\n<\/tr>\n<tr class=\"row-25 odd\">\n\t<td class=\"column-1\">24<\/td><td class=\"column-2\">DANIELA AMORIN<\/td><td class=\"column-3\"><\/td><td class=\"column-4\">02\/05\/2019<\/td><td class=\"column-5\"><\/td>\n<\/tr>\n<tr class=\"row-26 even\">\n\t<td class=\"column-1\">25<\/td><td class=\"column-2\">JOANA AVELAR DA COSTA<\/td><td class=\"column-3\">EDUARDO \/ MONICA<\/td><td class=\"column-4\">02\/05\/2019<\/td><td class=\"column-5\">DE M\u00c3E PARA FILHOS<\/td>\n<\/tr>\n<tr class=\"row-27 odd\">\n\t<td class=\"column-1\">26<\/td><td class=\"column-2\">CARLINHOS<\/td><td class=\"column-3\"><\/td><td class=\"column-4\">04\/01\/2018<\/td><td class=\"column-5\">VOV\u00d4 TICO DESENCARNADO \/ IM\u00c3O LUCAS<\/td>\n<\/tr>\n<tr class=\"row-28 even\">\n\t<td class=\"column-1\">27<\/td><td class=\"column-2\">JOANA SILVEIRA LOPES<\/td><td class=\"column-3\"><\/td><td class=\"column-4\">04\/04\/2018<\/td><td class=\"column-5\"><\/td>\n<\/tr>\n<tr class=\"row-29 odd\">\n\t<td class=\"column-1\">28<\/td><td class=\"column-2\">JO\u00c3O MANOEL DA CRUZ<\/td><td class=\"column-3\"><\/td><td class=\"column-4\">07\/03\/2019<\/td><td class=\"column-5\"><\/td>\n<\/tr>\n<tr class=\"row-30 even\">\n\t<td class=\"column-1\">29<\/td><td class=\"column-2\">TEREZA AVELAR<\/td><td class=\"column-3\"><\/td><td class=\"column-4\">07\/03\/2019<\/td><td class=\"column-5\"><\/td>\n<\/tr>\n<tr class=\"row-31 odd\">\n\t<td class=\"column-1\">30<\/td><td class=\"column-2\">JANAINA SOBRAU<\/td><td class=\"column-3\"><\/td><td class=\"column-4\">07\/03\/2019<\/td><td class=\"column-5\"><\/td>\n<\/tr>\n<tr class=\"row-32 even\">\n\t<td class=\"column-1\">31<\/td><td class=\"column-2\">SAMUEL JUNQUEIRA SILVA<\/td><td class=\"column-3\"><\/td><td class=\"column-4\">07\/03\/2019<\/td><td class=\"column-5\">FILHO PARA M\u00c3E<\/td>\n<\/tr>\n<tr class=\"row-33 odd\">\n\t<td class=\"column-1\">32<\/td><td class=\"column-2\">JOANA DARC<\/td><td class=\"column-3\">JOSE<\/td><td class=\"column-4\">07\/03\/2019<\/td><td class=\"column-5\"><\/td>\n<\/tr>\n<tr class=\"row-34 even\">\n\t<td class=\"column-1\">33<\/td><td class=\"column-2\">EMANUEL RODRIGUES PENHA<\/td><td class=\"column-3\"><\/td><td class=\"column-4\"><\/td><td class=\"column-5\"><\/td>\n<\/tr>\n<tr class=\"row-35 odd\">\n\t<td class=\"column-1\">34<\/td><td class=\"column-2\">JOAQUIM PEDRO DE ALCANTRA<\/td><td class=\"column-3\"><\/td><td class=\"column-4\">07\/02\/2019<\/td><td class=\"column-5\"><\/td>\n<\/tr>\n<tr class=\"row-36 even\">\n\t<td class=\"column-1\">35<\/td><td class=\"column-2\">JOSUE PEREIRA NETO<\/td><td class=\"column-3\"><\/td><td class=\"column-4\">03\/01\/2019<\/td><td class=\"column-5\"><\/td>\n<\/tr>\n<tr class=\"row-37 odd\">\n\t<td class=\"column-1\">36<\/td><td class=\"column-2\">MARIA DE LURDES CANDIDO SOUZA<\/td><td class=\"column-3\">CICERO<\/td><td class=\"column-4\">01\/11\/2018<\/td><td class=\"column-5\">FILHO SANDOVAL<\/td>\n<\/tr>\n<tr class=\"row-38 even\">\n\t<td class=\"column-1\">37<\/td><td class=\"column-2\">AGENOR \/ ARGENOR<\/td><td class=\"column-3\">SOFIA<\/td><td class=\"column-4\">01\/10\/2018<\/td><td class=\"column-5\">FILHOS RAFAEL E LAISA<\/td>\n<\/tr>\n<tr class=\"row-39 odd\">\n\t<td class=\"column-1\">38<\/td><td class=\"column-2\">DOLORES DIAS<\/td><td class=\"column-3\"><\/td><td class=\"column-4\">04\/10\/2018<\/td><td class=\"column-5\">M\u00c3E PARA FILHO<\/td>\n<\/tr>\n<tr class=\"row-40 even\">\n\t<td class=\"column-1\">39<\/td><td class=\"column-2\">SANDRA ALMEIDA<\/td><td class=\"column-3\">CARLOS HENRIQUE AMORIM<\/td><td class=\"column-4\">09\/10\/2018<\/td><td class=\"column-5\">M\u00c3E PARA FILHO<\/td>\n<\/tr>\n<tr class=\"row-41 odd\">\n\t<td class=\"column-1\">40<\/td><td class=\"column-2\">HELENA AGUIAR<\/td><td class=\"column-3\"><\/td><td class=\"column-4\">04\/10\/2018<\/td><td class=\"column-5\"><\/td>\n<\/tr>\n<tr class=\"row-42 even\">\n\t<td class=\"column-1\">41<\/td><td class=\"column-2\">RUBENS PEREIRA<\/td><td class=\"column-3\">FERNANDA<\/td><td class=\"column-4\">04\/10\/2018<\/td><td class=\"column-5\"><\/td>\n<\/tr>\n<tr class=\"row-43 odd\">\n\t<td class=\"column-1\">42<\/td><td class=\"column-2\">FREDERICO SOUZA<\/td><td class=\"column-3\"><\/td><td class=\"column-4\">04\/10\/2018<\/td><td class=\"column-5\">TIO FRANCISCO \/ FILHOS HENRIQUE E ANINHA \/ FREDERICO SOUZA DESENCARNOU AOS 42 ANOS<\/td>\n<\/tr>\n<tr class=\"row-44 even\">\n\t<td class=\"column-1\">43<\/td><td class=\"column-2\">CORA CORALINA<\/td><td class=\"column-3\"><\/td><td class=\"column-4\">06\/09\/2018<\/td><td class=\"column-5\"><\/td>\n<\/tr>\n<tr class=\"row-45 odd\">\n\t<td class=\"column-1\">44<\/td><td class=\"column-2\">LUDMILA<\/td><td class=\"column-3\">ELIENE<\/td><td class=\"column-4\">06\/09\/2018<\/td><td class=\"column-5\">DE FILHA PARA M\u00c1E \/ DESENCARNOU EM ACIDENTE AUTOMOBILISTICO<\/td>\n<\/tr>\n<tr class=\"row-46 even\">\n\t<td class=\"column-1\">45<\/td><td class=\"column-2\">MURILO<\/td><td class=\"column-3\">MIRTES<\/td><td class=\"column-4\">05\/07\/2018<\/td><td class=\"column-5\">DE FILHO PARA M\u00c3E<\/td>\n<\/tr>\n<tr class=\"row-47 odd\">\n\t<td class=\"column-1\">46<\/td><td class=\"column-2\">JUAREZ DIAS<\/td><td class=\"column-3\"><\/td><td class=\"column-4\">05\/07\/2018<\/td><td class=\"column-5\">V\u00d3 TEREZA \/ DESENCARNOU 02\/02\/1985<\/td>\n<\/tr>\n<tr class=\"row-48 even\">\n\t<td class=\"column-1\">47<\/td><td class=\"column-2\">MARQUINHOS<\/td><td class=\"column-3\"><\/td><td class=\"column-4\">05\/07\/2018<\/td><td class=\"column-5\">QUITANDAS TIA ROSINHA \/ MENCIONOU PEDRINHO, HENRIQUE E JUNINHO<\/td>\n<\/tr>\n<tr class=\"row-49 odd\">\n\t<td class=\"column-1\">48<\/td><td class=\"column-2\">SAMUEL DE OLIVEIRA<\/td><td class=\"column-3\"><\/td><td class=\"column-4\">05\/07\/2018<\/td><td class=\"column-5\"><\/td>\n<\/tr>\n<tr class=\"row-50 even\">\n\t<td class=\"column-1\">49<\/td><td class=\"column-2\">EURIPEDES<\/td><td class=\"column-3\">GABRIEL<\/td><td class=\"column-4\">07\/06\/2018<\/td><td class=\"column-5\"><\/td>\n<\/tr>\n<tr class=\"row-51 odd\">\n\t<td class=\"column-1\">50<\/td><td class=\"column-2\">MARCIO<\/td><td class=\"column-3\">MARIA<\/td><td class=\"column-4\">07\/06\/2018<\/td><td class=\"column-5\">DE FILHO PARA M\u00c3E \/ DESENCARNADO ENQUANTO CRIAN\u00c7A<\/td>\n<\/tr>\n<tr class=\"row-52 even\">\n\t<td class=\"column-1\">51<\/td><td class=\"column-2\">ERCULANO<\/td><td class=\"column-3\">AM\u00c9LIA<\/td><td class=\"column-4\">07\/06\/2018<\/td><td class=\"column-5\">DE PAI PARA FILHA<\/td>\n<\/tr>\n<tr class=\"row-53 odd\">\n\t<td class=\"column-1\">52<\/td><td class=\"column-2\">MANOEL LIMA DA SILVA<\/td><td class=\"column-3\"><\/td><td class=\"column-4\">07\/06\/2018<\/td><td class=\"column-5\"><\/td>\n<\/tr>\n<tr class=\"row-54 even\">\n\t<td class=\"column-1\">53<\/td><td class=\"column-2\">LAURA<\/td><td class=\"column-3\"><\/td><td class=\"column-4\">04\/05\/2018<\/td><td class=\"column-5\">FILHA PARA OS PAIS \/ DESENCARNDA NA INF\u00c2NCIA<\/td>\n<\/tr>\n<tr class=\"row-55 odd\">\n\t<td class=\"column-1\">54<\/td><td class=\"column-2\">ATHUR VALADARES<\/td><td class=\"column-3\"><\/td><td class=\"column-4\">03\/05\/2018<\/td><td class=\"column-5\">FILHO PARA M\u00c3E<\/td>\n<\/tr>\n<tr class=\"row-56 even\">\n\t<td class=\"column-1\">55<\/td><td class=\"column-2\">JUNIOR<\/td><td class=\"column-3\"><\/td><td class=\"column-4\">03\/05\/2018<\/td><td class=\"column-5\">ASSASINADO \/ MENCIONOU AV\u00d3S TIOS E IRM\u00c3OS ENCARNADOS<\/td>\n<\/tr>\n<tr class=\"row-57 odd\">\n\t<td class=\"column-1\">56<\/td><td class=\"column-2\">ANTONIETA<\/td><td class=\"column-3\">PAULINHA<\/td><td class=\"column-4\">03\/05\/2018<\/td><td class=\"column-5\">V\u00d3 PARA NETA \/ MENCIONOU AV\u00d4 BENEDITO<\/td>\n<\/tr>\n<tr class=\"row-58 even\">\n\t<td class=\"column-1\">57<\/td><td class=\"column-2\">GABRIEL<\/td><td class=\"column-3\"><\/td><td class=\"column-4\">07\/12\/2017<\/td><td class=\"column-5\">FILHO PARA M\u00c3E \/ DESENCARNADO NA INF\u00c2NCIA<\/td>\n<\/tr>\n<tr class=\"row-59 odd\">\n\t<td class=\"column-1\">58<\/td><td class=\"column-2\">SILVIA<\/td><td class=\"column-3\"><\/td><td class=\"column-4\">07\/12\/2017<\/td><td class=\"column-5\">PARA O IRM\u00c3O \/ DESENCARNADA AOS 33 ANOS<\/td>\n<\/tr>\n<tr class=\"row-60 even\">\n\t<td class=\"column-1\">59<\/td><td class=\"column-2\">FRANCISCO PEIXE<\/td><td class=\"column-3\"><\/td><td class=\"column-4\">07\/12\/2017<\/td><td class=\"column-5\">DE FILHO PARA PAI<\/td>\n<\/tr>\n<tr class=\"row-61 odd\">\n\t<td class=\"column-1\">60<\/td><td class=\"column-2\">JOAQUIM MACHADO<\/td><td class=\"column-3\"><\/td><td class=\"column-4\">07\/12\/2017<\/td><td class=\"column-5\">PARA FAMILIA \/ DONO DE METALURGICA E DEPOIS BANCA DE REVISTAS<\/td>\n<\/tr>\n<tr class=\"row-62 even\">\n\t<td class=\"column-1\">61<\/td><td class=\"column-2\">MARIA DE LURDES (MARIINHA)<\/td><td class=\"column-3\"><\/td><td class=\"column-4\">07\/12\/2017<\/td><td class=\"column-5\">DE FILHA PARA M\u00c3E \/ MENCIONOU IRM\u00c3O MARQUINHO<\/td>\n<\/tr>\n<tr class=\"row-63 odd\">\n\t<td class=\"column-1\">62<\/td><td class=\"column-2\">VERA LUCIA DOS SANTOS<\/td><td class=\"column-3\"><\/td><td class=\"column-4\">07\/12\/2017<\/td><td class=\"column-5\">DE M\u00c3E PARA FILHA \/ MENCIONOU TIO TONINHO<\/td>\n<\/tr>\n<tr class=\"row-64 even\">\n\t<td class=\"column-1\">63<\/td><td class=\"column-2\">ROMEU DOS SANTOS<\/td><td class=\"column-3\"><\/td><td class=\"column-4\">07\/12\/2017<\/td><td class=\"column-5\">DE PAI PARA FILHA \/ DESENCARNADO EM 02\/02\/2007 MENCIONOU ESPOSA ODETE E FILHO OSCAR<\/td>\n<\/tr>\n<tr class=\"row-65 odd\">\n\t<td class=\"column-1\">64<\/td><td class=\"column-2\">JOANA PIRES RIBEIRO<\/td><td class=\"column-3\"><\/td><td class=\"column-4\">07\/12\/2017<\/td><td class=\"column-5\">DE M\u00c3E PARA FILHA<\/td>\n<\/tr>\n<tr class=\"row-66 even\">\n\t<td class=\"column-1\">65<\/td><td class=\"column-2\">ALAOR DIAS VIEIRA<\/td><td class=\"column-3\"><\/td><td class=\"column-4\">07\/12\/2017<\/td><td class=\"column-5\">PARA SEUS FAMILIARES<\/td>\n<\/tr>\n<tr class=\"row-67 odd\">\n\t<td class=\"column-1\">66<\/td><td class=\"column-2\">JOS\u00c9 PEREIRA JUNIOR<\/td><td class=\"column-3\"><\/td><td class=\"column-4\">07\/12\/2017<\/td><td class=\"column-5\">DESENCARNE POR ACIDENTE DE MOTO<\/td>\n<\/tr>\n<tr class=\"row-68 even\">\n\t<td class=\"column-1\">67<\/td><td class=\"column-2\">GETULIO<\/td><td class=\"column-3\">EVELINA<\/td><td class=\"column-4\">07\/12\/2017<\/td><td class=\"column-5\">MENCIONOU FILHO ROBERTO<\/td>\n<\/tr>\n<tr class=\"row-69 odd\">\n\t<td class=\"column-1\">68<\/td><td class=\"column-2\">JOS\u00c9 HUMBERTO SOARES SILVA<\/td><td class=\"column-3\">CLARICE<\/td><td class=\"column-4\">02\/11\/2017<\/td><td class=\"column-5\">MENCIONOU FILHOS JO\u00c3O PEDRO E JOS\u00c9 AUGUSTO<\/td>\n<\/tr>\n<tr class=\"row-70 even\">\n\t<td class=\"column-1\">69<\/td><td class=\"column-2\">JOS\u00c9 PEREIRA<\/td><td class=\"column-3\">ANA<\/td><td class=\"column-4\">03\/08\/2017<\/td><td class=\"column-5\">PARA ESPOSA ANA<\/td>\n<\/tr>\n<\/tbody>\n<\/table>\n<!-- #tablepress-8 from cache --><\/p>\n<\/div>","protected":false},"excerpt":{"rendered":"<p>Psicografias &#8211; Veja abaixo se h\u00e1 uma mensagem para voc\u00ea. Segue abaixo, rela\u00e7\u00e3o de algumas psicografias recebidas no Jardim de Maria, em ocasi\u00f5es em que as pessoas \u00e0 quem se destinavam n\u00e3o estavam presentes as reuni\u00f5es. Caso se identifique como destinat\u00e1rio de alguma mensagem atrav\u00e9s das referencias descritas, anote o numero sequencial \u00e0 ela atribu\u00eddo [&hellip;]<\/p>\n","protected":false},"author":1,"featured_media":0,"parent":0,"menu_order":0,"comment_status":"closed","ping_status":"closed","template":"","meta":[],"_links":{"self":[{"href":"https:\/\/jardimdemaria.org.br\/index.php\/wp-json\/wp\/v2\/pages\/582"}],"collection":[{"href":"https:\/\/jardimdemaria.org.br\/index.php\/wp-json\/wp\/v2\/pages"}],"about":[{"href":"https:\/\/jardimdemaria.org.br\/index.php\/wp-json\/wp\/v2\/types\/page"}],"author":[{"embeddable":true,"href":"https:\/\/jardimdemaria.org.br\/index.php\/wp-json\/wp\/v2\/users\/1"}],"replies":[{"embeddable":true,"href":"https:\/\/jardimdemaria.org.br\/index.php\/wp-json\/wp\/v2\/comments?post=582"}],"version-history":[{"count":3,"href":"https:\/\/jardimdemaria.org.br\/index.php\/wp-json\/wp\/v2\/pages\/582\/revisions"}],"predecessor-version":[{"id":598,"href":"https:\/\/jardimdemaria.org.br\/index.php\/wp-json\/wp\/v2\/pages\/582\/revisions\/598"}],"wp:attachment":[{"href":"https:\/\/jardimdemaria.org.br\/index.php\/wp-json\/wp\/v2\/media?parent=582"}],"curies":[{"name":"wp","href":"https:\/\/api.w.org\/{rel}","templated":true}]}}