{"id":300,"date":"2015-12-23T19:24:38","date_gmt":"2015-12-23T19:24:38","guid":{"rendered":"http:\/\/jardimdemaria.org.br\/?page_id=300"},"modified":"2025-11-24T20:56:38","modified_gmt":"2025-11-24T20:56:38","slug":"como-ajudar","status":"publish","type":"page","link":"https:\/\/jardimdemaria.org.br\/index.php\/como-ajudar\/","title":{"rendered":"Como Ajudar"},"content":{"rendered":"<div  class=\"ui--animation-in make--fx--appear ui--pass clearfix\" data-fx=\"fx--appear\" data-delay=\"150\" data-start-delay=\"0\"><div class=\"auto-format ui--animation\"><p><strong style=\"color: #007bff; font-size: 20px;\">Como Ajudar!<\/strong><\/p>\n<\/div><div class=\"ui-row row\">\n <div   class=\"ui-column span6\"><div class=\"auto-format ui--animation\"><p>Tudo o que se realiza em nome da espiritualidade superior deve ser feito com amor, nunca visando ganho material ou qualquer benef\u00edcio pessoal. Com base nesse princ\u00edpio, o Jardim de Maria n\u00e3o cobra pelos cursos, participa\u00e7\u00f5es em estudos ou pelas diversas atividades medi\u00fanicas realizadas em seu espa\u00e7o. As despesas com materiais e servi\u00e7os para a manuten\u00e7\u00e3o da estrutura existente s\u00e3o integralmente custeadas por seus integrantes.<\/p>\n<p>Se voc\u00ea deseja colaborar, pode fazer um dep\u00f3sito do valor que desejar no PIX: jardimdemaria@jardimdemaria.org.br<br \/>\n. Assim, voc\u00ea estar\u00e1 contribuindo para que a espiritualidade continue a dispor de condi\u00e7\u00f5es adequadas de estrutura, higiene e organiza\u00e7\u00e3o, elementos essenciais para potencializar sua atua\u00e7\u00e3o em benef\u00edcio de todos.<\/p>\n<\/div><\/div> \n\n <div   class=\"ui-column span6\"><div class=\"ui--image-wrap clearfix\"><img width=\"1502\" height=\"587\" src=\"https:\/\/jardimdemaria.org.br\/wp-content\/uploads\/2025\/11\/como-ajudar-2.png\" class=\"ui--image ui--animation\" alt=\"\" decoding=\"async\" loading=\"lazy\" title=\"como-ajudar\" id=\"ui--image-1\" srcset=\"https:\/\/jardimdemaria.org.br\/wp-content\/uploads\/2025\/11\/como-ajudar-2.png 1502w, https:\/\/jardimdemaria.org.br\/wp-content\/uploads\/2025\/11\/como-ajudar-2-300x117.png 300w, https:\/\/jardimdemaria.org.br\/wp-content\/uploads\/2025\/11\/como-ajudar-2-1024x400.png 1024w, https:\/\/jardimdemaria.org.br\/wp-content\/uploads\/2025\/11\/como-ajudar-2-768x300.png 768w\" sizes=\"(max-width: 1502px) 100vw, 1502px\" \/><\/div><\/div> \n\n<\/div> \n<\/div>","protected":false},"excerpt":{"rendered":"<p>Como Ajudar! Tudo o que se realiza em nome da espiritualidade superior deve ser feito com amor, nunca visando ganho material ou qualquer benef\u00edcio pessoal. Com base nesse princ\u00edpio, o Jardim de Maria n\u00e3o cobra pelos cursos, participa\u00e7\u00f5es em estudos ou pelas diversas atividades medi\u00fanicas realizadas em seu espa\u00e7o. As despesas com materiais e servi\u00e7os [&hellip;]<\/p>\n","protected":false},"author":1,"featured_media":0,"parent":0,"menu_order":0,"comment_status":"closed","ping_status":"closed","template":"","meta":[],"_links":{"self":[{"href":"https:\/\/jardimdemaria.org.br\/index.php\/wp-json\/wp\/v2\/pages\/300"}],"collection":[{"href":"https:\/\/jardimdemaria.org.br\/index.php\/wp-json\/wp\/v2\/pages"}],"about":[{"href":"https:\/\/jardimdemaria.org.br\/index.php\/wp-json\/wp\/v2\/types\/page"}],"author":[{"embeddable":true,"href":"https:\/\/jardimdemaria.org.br\/index.php\/wp-json\/wp\/v2\/users\/1"}],"replies":[{"embeddable":true,"href":"https:\/\/jardimdemaria.org.br\/index.php\/wp-json\/wp\/v2\/comments?post=300"}],"version-history":[{"count":2,"href":"https:\/\/jardimdemaria.org.br\/index.php\/wp-json\/wp\/v2\/pages\/300\/revisions"}],"predecessor-version":[{"id":762,"href":"https:\/\/jardimdemaria.org.br\/index.php\/wp-json\/wp\/v2\/pages\/300\/revisions\/762"}],"wp:attachment":[{"href":"https:\/\/jardimdemaria.org.br\/index.php\/wp-json\/wp\/v2\/media?parent=300"}],"curies":[{"name":"wp","href":"https:\/\/api.w.org\/{rel}","templated":true}]}}